{"id":9526,"date":"2026-01-16T23:28:45","date_gmt":"2026-01-16T20:28:45","guid":{"rendered":"https:\/\/lipus.tr\/catalogs\/"},"modified":"2026-01-24T02:31:43","modified_gmt":"2026-01-23T23:31:43","slug":"catalogs","status":"publish","type":"page","link":"https:\/\/lipus.tr\/en\/catalogs\/","title":{"rendered":"Catalogs"},"content":{"rendered":"\t\t<div data-elementor-type=\"wp-page\" data-elementor-id=\"9526\" class=\"elementor elementor-9526 elementor-8569\" data-elementor-post-type=\"page\">\n\t\t\t\t<div class=\"elementor-element elementor-element-0687ed2 e-flex e-con-boxed e-con e-parent\" data-id=\"0687ed2\" data-element_type=\"container\" data-e-type=\"container\">\n\t\t\t\t\t<div class=\"e-con-inner\">\n\t\t<div class=\"elementor-element elementor-element-4fb1d53 e-con-full e-flex e-con e-child\" data-id=\"4fb1d53\" data-element_type=\"container\" data-e-type=\"container\">\n\t\t\t\t<div class=\"elementor-element elementor-element-dd71fd2 animated-fast elementor-invisible elementor-widget elementor-widget-heading\" data-id=\"dd71fd2\" data-element_type=\"widget\" data-e-type=\"widget\" data-settings=\"{&quot;_animation&quot;:&quot;opal-move-left&quot;}\" data-widget_type=\"heading.default\">\n\t\t\t\t\t<h2 class=\"elementor-heading-title elementor-size-default\">Catalog Archive<\/h2>\t\t\t\t<\/div>\n\t\t\t\t<\/div>\n\t\t<div class=\"elementor-element elementor-element-0923f93 e-con-full e-flex e-con e-child\" data-id=\"0923f93\" data-element_type=\"container\" data-e-type=\"container\">\n\t\t\t\t<div class=\"elementor-element elementor-element-39c425d elementor-widget elementor-widget-text-editor\" data-id=\"39c425d\" data-element_type=\"widget\" data-e-type=\"widget\" data-widget_type=\"text-editor.default\">\n\t\t\t\t\t\t\t\t\t<p>You can access, review, and download all documents under the Catalogs category to your computer if you wish.<\/p>\t\t\t\t\t\t\t\t<\/div>\n\t\t\t\t<\/div>\n\t\t\t\t\t<\/div>\n\t\t\t\t<\/div>\n\t\t<div class=\"elementor-element elementor-element-067670a e-flex e-con-boxed e-con e-parent\" data-id=\"067670a\" data-element_type=\"container\" data-e-type=\"container\">\n\t\t\t\t\t<div class=\"e-con-inner\">\n\t\t\t\t<div class=\"elementor-element elementor-element-b4703b0 elementor-widget elementor-widget-html\" data-id=\"b4703b0\" data-element_type=\"widget\" data-e-type=\"widget\" data-widget_type=\"html.default\">\n\t\t\t\t\t<div class=\"dokuman-archive\" style=\"--dokuman-viewer-height: 720px;\">\r\n\t\t\t\t\t\t\t\t\t<section class=\"dokuman-year\">\r\n\t\t\t\t<div class=\"dokuman-year-head\">\r\n\t\t\t\t\t<div class=\"dokuman-year-bar\"><\/div>\r\n\t\t\t\t\t<div class=\"dokuman-year-texts\">\r\n\t\t\t\t\t\t<h3 class=\"dokuman-year-title\">Accessories<\/h3>\r\n\t\t\t\t\t<\/div>\r\n\t\t\t\t<\/div>\r\n\r\n\t\t\t\t<div class=\"dokuman-grid\">\r\n\t\t\t\t\t\t\t\t\t\t\t\t\t\t\t\t\t<article class=\"dokuman-card \"\r\n\t\t\t\t\t\t\tdata-pdf=\"https:\/\/lipus.tr\/wp-content\/uploads\/2026\/01\/katalog-gunes-enerjisi-aksesuar-ve-yedek-parcalari.pdf\"\r\n\t\t\t\t\t\t\tdata-cover=\"https:\/\/lipus.tr\/wp-content\/uploads\/2026\/01\/dokuman-kapak-9584-1769285829-1024x512.jpg\"\r\n\t\t\t\t\t\t\tdata-title=\"Solar Energy Accessories and Spare Parts\">\r\n\t\t\t\t\t\t\t<div class=\"dokuman-cover has-image\"\r\n\t\t\t\t\t\t\t\t\t\t\t\t\t\t\t\t\tstyle=\"--dokuman-cover-url: url('https:\/\/lipus.tr\/wp-content\/uploads\/2026\/01\/dokuman-kapak-9584-1769285829-1024x512.jpg')\"\r\n\t\t\t\t\t\t\t\t>\r\n\t\t\t\t\t\t\t\t<span class=\"dokuman-open\">Open Document<\/span>\r\n\t\t\t\t\t\t\t<\/div>\r\n\t\t\t\t\t\t\t<div class=\"dokuman-meta\">\r\n\t\t\t\t\t\t<p class=\"dokuman-card-title\">Solar Energy Accessories and Spare Parts<\/p>\r\n\t\t\t\t\t\t\t\t\t\t\t\t\t\t\t<\/div>\r\n\t\t\t\t\t\t<\/article>\r\n\t\t\t\t\t\t\t\t\t<\/div>\r\n\t\t\t<\/section>\r\n\t\t\t\t\t\t\t\t<section class=\"dokuman-year\">\r\n\t\t\t\t<div class=\"dokuman-year-head\">\r\n\t\t\t\t\t<div class=\"dokuman-year-bar\"><\/div>\r\n\t\t\t\t\t<div class=\"dokuman-year-texts\">\r\n\t\t\t\t\t\t<h3 class=\"dokuman-year-title\">Assembly Kits<\/h3>\r\n\t\t\t\t\t<\/div>\r\n\t\t\t\t<\/div>\r\n\r\n\t\t\t\t<div class=\"dokuman-grid\">\r\n\t\t\t\t\t\t\t\t\t\t\t\t\t\t\t\t\t<article class=\"dokuman-card \"\r\n\t\t\t\t\t\t\tdata-pdf=\"https:\/\/lipus.tr\/wp-content\/uploads\/2026\/01\/katalog-merkezi-ve-paket-sistem-sehpalari.pdf\"\r\n\t\t\t\t\t\t\tdata-cover=\"https:\/\/lipus.tr\/wp-content\/uploads\/2026\/01\/dokuman-kapak-9582-1769285806-1024x512.jpg\"\r\n\t\t\t\t\t\t\tdata-title=\"Central and Package System Stands\">\r\n\t\t\t\t\t\t\t<div class=\"dokuman-cover has-image\"\r\n\t\t\t\t\t\t\t\t\t\t\t\t\t\t\t\t\tstyle=\"--dokuman-cover-url: url('https:\/\/lipus.tr\/wp-content\/uploads\/2026\/01\/dokuman-kapak-9582-1769285806-1024x512.jpg')\"\r\n\t\t\t\t\t\t\t\t>\r\n\t\t\t\t\t\t\t\t<span class=\"dokuman-open\">Open Document<\/span>\r\n\t\t\t\t\t\t\t<\/div>\r\n\t\t\t\t\t\t\t<div class=\"dokuman-meta\">\r\n\t\t\t\t\t\t<p class=\"dokuman-card-title\">Central and Package System Stands<\/p>\r\n\t\t\t\t\t\t\t\t\t\t\t\t\t\t\t<\/div>\r\n\t\t\t\t\t\t<\/article>\r\n\t\t\t\t\t\t\t\t\t<\/div>\r\n\t\t\t<\/section>\r\n\t\t\t\t\t\t\t\t<section class=\"dokuman-year\">\r\n\t\t\t\t<div class=\"dokuman-year-head\">\r\n\t\t\t\t\t<div class=\"dokuman-year-bar\"><\/div>\r\n\t\t\t\t\t<div class=\"dokuman-year-texts\">\r\n\t\t\t\t\t\t<h3 class=\"dokuman-year-title\">Enameled Boiler<\/h3>\r\n\t\t\t\t\t<\/div>\r\n\t\t\t\t<\/div>\r\n\r\n\t\t\t\t<div class=\"dokuman-grid\">\r\n\t\t\t\t\t\t\t\t\t\t\t\t\t\t\t\t\t<article class=\"dokuman-card \"\r\n\t\t\t\t\t\t\tdata-pdf=\"https:\/\/lipus.tr\/wp-content\/uploads\/2026\/01\/katalog-aquarious-serisi-emayeli-boylerler.pdf\"\r\n\t\t\t\t\t\t\tdata-cover=\"https:\/\/lipus.tr\/wp-content\/uploads\/2026\/01\/dokuman-kapak-9561-1769285677-1024x512.jpg\"\r\n\t\t\t\t\t\t\tdata-title=\"Aquarious Series Enameled Boilers\">\r\n\t\t\t\t\t\t\t<div class=\"dokuman-cover has-image\"\r\n\t\t\t\t\t\t\t\t\t\t\t\t\t\t\t\t\tstyle=\"--dokuman-cover-url: url('https:\/\/lipus.tr\/wp-content\/uploads\/2026\/01\/dokuman-kapak-9561-1769285677-1024x512.jpg')\"\r\n\t\t\t\t\t\t\t\t>\r\n\t\t\t\t\t\t\t\t<span class=\"dokuman-open\">Open Document<\/span>\r\n\t\t\t\t\t\t\t<\/div>\r\n\t\t\t\t\t\t\t<div class=\"dokuman-meta\">\r\n\t\t\t\t\t\t<p class=\"dokuman-card-title\">Aquarious Series Enameled Boilers<\/p>\r\n\t\t\t\t\t\t\t\t\t\t\t\t\t\t\t<\/div>\r\n\t\t\t\t\t\t<\/article>\r\n\t\t\t\t\t\t\t\t\t\t\t\t\t\t\t\t\t<article class=\"dokuman-card \"\r\n\t\t\t\t\t\t\tdata-pdf=\"https:\/\/lipus.tr\/wp-content\/uploads\/2026\/01\/katalog-aquarious-500-serisi-emayeli-boyler.pdf\"\r\n\t\t\t\t\t\t\tdata-cover=\"https:\/\/lipus.tr\/wp-content\/uploads\/2026\/01\/dokuman-kapak-9559-1769285626-1024x512.jpg\"\r\n\t\t\t\t\t\t\tdata-title=\"Aquarious 500 Series Enameled Boiler\">\r\n\t\t\t\t\t\t\t<div class=\"dokuman-cover has-image\"\r\n\t\t\t\t\t\t\t\t\t\t\t\t\t\t\t\t\tstyle=\"--dokuman-cover-url: url('https:\/\/lipus.tr\/wp-content\/uploads\/2026\/01\/dokuman-kapak-9559-1769285626-1024x512.jpg')\"\r\n\t\t\t\t\t\t\t\t>\r\n\t\t\t\t\t\t\t\t<span class=\"dokuman-open\">Open Document<\/span>\r\n\t\t\t\t\t\t\t<\/div>\r\n\t\t\t\t\t\t\t<div class=\"dokuman-meta\">\r\n\t\t\t\t\t\t<p class=\"dokuman-card-title\">Aquarious 500 Series Enameled Boiler<\/p>\r\n\t\t\t\t\t\t\t\t\t\t\t\t\t\t\t<\/div>\r\n\t\t\t\t\t\t<\/article>\r\n\t\t\t\t\t\t\t\t\t\t\t\t\t\t\t\t\t<article class=\"dokuman-card \"\r\n\t\t\t\t\t\t\tdata-pdf=\"https:\/\/lipus.tr\/wp-content\/uploads\/2026\/01\/katalog-aquarious-600-serisi-emayeli-boyler.pdf\"\r\n\t\t\t\t\t\t\tdata-cover=\"https:\/\/lipus.tr\/wp-content\/uploads\/2026\/01\/dokuman-kapak-9557-1769285612-1024x512.jpg\"\r\n\t\t\t\t\t\t\tdata-title=\"Aquarious 600 Series Enameled Boiler\">\r\n\t\t\t\t\t\t\t<div class=\"dokuman-cover has-image\"\r\n\t\t\t\t\t\t\t\t\t\t\t\t\t\t\t\t\tstyle=\"--dokuman-cover-url: url('https:\/\/lipus.tr\/wp-content\/uploads\/2026\/01\/dokuman-kapak-9557-1769285612-1024x512.jpg')\"\r\n\t\t\t\t\t\t\t\t>\r\n\t\t\t\t\t\t\t\t<span class=\"dokuman-open\">Open Document<\/span>\r\n\t\t\t\t\t\t\t<\/div>\r\n\t\t\t\t\t\t\t<div class=\"dokuman-meta\">\r\n\t\t\t\t\t\t<p class=\"dokuman-card-title\">Aquarious 600 Series Enameled Boiler<\/p>\r\n\t\t\t\t\t\t\t\t\t\t\t\t\t\t\t<\/div>\r\n\t\t\t\t\t\t<\/article>\r\n\t\t\t\t\t\t\t\t\t<\/div>\r\n\t\t\t<\/section>\r\n\t\t\t\t\t\t\t\t<section class=\"dokuman-year\">\r\n\t\t\t\t<div class=\"dokuman-year-head\">\r\n\t\t\t\t\t<div class=\"dokuman-year-bar\"><\/div>\r\n\t\t\t\t\t<div class=\"dokuman-year-texts\">\r\n\t\t\t\t\t\t<h3 class=\"dokuman-year-title\">Package Systems<\/h3>\r\n\t\t\t\t\t<\/div>\r\n\t\t\t\t<\/div>\r\n\r\n\t\t\t\t<div class=\"dokuman-grid\">\r\n\t\t\t\t\t\t\t\t\t\t\t\t\t\t\t\t\t<article class=\"dokuman-card \"\r\n\t\t\t\t\t\t\tdata-pdf=\"https:\/\/lipus.tr\/wp-content\/uploads\/2026\/01\/katalog-helios-serisi-basincli-paket-sistemleri.pdf\"\r\n\t\t\t\t\t\t\tdata-cover=\"https:\/\/lipus.tr\/wp-content\/uploads\/2026\/01\/dokuman-kapak-9580-1769285794-1024x512.jpg\"\r\n\t\t\t\t\t\t\tdata-title=\"Helios Series Pressure Packaged System\">\r\n\t\t\t\t\t\t\t<div class=\"dokuman-cover has-image\"\r\n\t\t\t\t\t\t\t\t\t\t\t\t\t\t\t\t\tstyle=\"--dokuman-cover-url: url('https:\/\/lipus.tr\/wp-content\/uploads\/2026\/01\/dokuman-kapak-9580-1769285794-1024x512.jpg')\"\r\n\t\t\t\t\t\t\t\t>\r\n\t\t\t\t\t\t\t\t<span class=\"dokuman-open\">Open Document<\/span>\r\n\t\t\t\t\t\t\t<\/div>\r\n\t\t\t\t\t\t\t<div class=\"dokuman-meta\">\r\n\t\t\t\t\t\t<p class=\"dokuman-card-title\">Helios Series Pressure Packaged System<\/p>\r\n\t\t\t\t\t\t\t\t\t\t\t\t\t\t\t<\/div>\r\n\t\t\t\t\t\t<\/article>\r\n\t\t\t\t\t\t\t\t\t\t\t\t\t\t\t\t\t<article class=\"dokuman-card \"\r\n\t\t\t\t\t\t\tdata-pdf=\"https:\/\/lipus.tr\/wp-content\/uploads\/2026\/01\/katalog-helios-120-serisi-basincli-paket-sistem.pdf\"\r\n\t\t\t\t\t\t\tdata-cover=\"https:\/\/lipus.tr\/wp-content\/uploads\/2026\/01\/dokuman-kapak-9578-1769285782-1024x512.jpg\"\r\n\t\t\t\t\t\t\tdata-title=\"Helios 120 Series Pressure Packaged System\">\r\n\t\t\t\t\t\t\t<div class=\"dokuman-cover has-image\"\r\n\t\t\t\t\t\t\t\t\t\t\t\t\t\t\t\t\tstyle=\"--dokuman-cover-url: url('https:\/\/lipus.tr\/wp-content\/uploads\/2026\/01\/dokuman-kapak-9578-1769285782-1024x512.jpg')\"\r\n\t\t\t\t\t\t\t\t>\r\n\t\t\t\t\t\t\t\t<span class=\"dokuman-open\">Open Document<\/span>\r\n\t\t\t\t\t\t\t<\/div>\r\n\t\t\t\t\t\t\t<div class=\"dokuman-meta\">\r\n\t\t\t\t\t\t<p class=\"dokuman-card-title\">Helios 120 Series Pressure Packaged System<\/p>\r\n\t\t\t\t\t\t\t\t\t\t\t\t\t\t\t<\/div>\r\n\t\t\t\t\t\t<\/article>\r\n\t\t\t\t\t\t\t\t\t\t\t\t\t\t\t\t\t<article class=\"dokuman-card \"\r\n\t\t\t\t\t\t\tdata-pdf=\"https:\/\/lipus.tr\/wp-content\/uploads\/2026\/01\/katalog-helios-170s-serisi-basincli-paket-sistem.pdf\"\r\n\t\t\t\t\t\t\tdata-cover=\"https:\/\/lipus.tr\/wp-content\/uploads\/2026\/01\/dokuman-kapak-9576-1769285768-1024x512.jpg\"\r\n\t\t\t\t\t\t\tdata-title=\"Helios 170S Series Pressure Packaged System\">\r\n\t\t\t\t\t\t\t<div class=\"dokuman-cover has-image\"\r\n\t\t\t\t\t\t\t\t\t\t\t\t\t\t\t\t\tstyle=\"--dokuman-cover-url: url('https:\/\/lipus.tr\/wp-content\/uploads\/2026\/01\/dokuman-kapak-9576-1769285768-1024x512.jpg')\"\r\n\t\t\t\t\t\t\t\t>\r\n\t\t\t\t\t\t\t\t<span class=\"dokuman-open\">Open Document<\/span>\r\n\t\t\t\t\t\t\t<\/div>\r\n\t\t\t\t\t\t\t<div class=\"dokuman-meta\">\r\n\t\t\t\t\t\t<p class=\"dokuman-card-title\">Helios 170S Series Pressure Packaged System<\/p>\r\n\t\t\t\t\t\t\t\t\t\t\t\t\t\t\t<\/div>\r\n\t\t\t\t\t\t<\/article>\r\n\t\t\t\t\t\t\t\t\t\t\t\t\t\t\t\t\t<article class=\"dokuman-card \"\r\n\t\t\t\t\t\t\tdata-pdf=\"https:\/\/lipus.tr\/wp-content\/uploads\/2026\/01\/katalog-helios-200s-serisi-basincli-paket-sistem-1.pdf\"\r\n\t\t\t\t\t\t\tdata-cover=\"https:\/\/lipus.tr\/wp-content\/uploads\/2026\/01\/dokuman-kapak-9573-1769285759-1024x512.jpg\"\r\n\t\t\t\t\t\t\tdata-title=\"Helios 150 Series Pressure Packaged System\">\r\n\t\t\t\t\t\t\t<div class=\"dokuman-cover has-image\"\r\n\t\t\t\t\t\t\t\t\t\t\t\t\t\t\t\t\tstyle=\"--dokuman-cover-url: url('https:\/\/lipus.tr\/wp-content\/uploads\/2026\/01\/dokuman-kapak-9573-1769285759-1024x512.jpg')\"\r\n\t\t\t\t\t\t\t\t>\r\n\t\t\t\t\t\t\t\t<span class=\"dokuman-open\">Open Document<\/span>\r\n\t\t\t\t\t\t\t<\/div>\r\n\t\t\t\t\t\t\t<div class=\"dokuman-meta\">\r\n\t\t\t\t\t\t<p class=\"dokuman-card-title\">Helios 150 Series Pressure Packaged System<\/p>\r\n\t\t\t\t\t\t\t\t\t\t\t\t\t\t\t<\/div>\r\n\t\t\t\t\t\t<\/article>\r\n\t\t\t\t\t\t\t\t\t\t\t\t\t\t\t\t\t<article class=\"dokuman-card \"\r\n\t\t\t\t\t\t\tdata-pdf=\"https:\/\/lipus.tr\/wp-content\/uploads\/2026\/01\/katalog-helios-200s-serisi-basincli-paket-sistem.pdf\"\r\n\t\t\t\t\t\t\tdata-cover=\"https:\/\/lipus.tr\/wp-content\/uploads\/2026\/01\/dokuman-kapak-9571-1769285745-1024x512.jpg\"\r\n\t\t\t\t\t\t\tdata-title=\"Helios 200S Series Pressure Packaged System\">\r\n\t\t\t\t\t\t\t<div class=\"dokuman-cover has-image\"\r\n\t\t\t\t\t\t\t\t\t\t\t\t\t\t\t\t\tstyle=\"--dokuman-cover-url: url('https:\/\/lipus.tr\/wp-content\/uploads\/2026\/01\/dokuman-kapak-9571-1769285745-1024x512.jpg')\"\r\n\t\t\t\t\t\t\t\t>\r\n\t\t\t\t\t\t\t\t<span class=\"dokuman-open\">Open Document<\/span>\r\n\t\t\t\t\t\t\t<\/div>\r\n\t\t\t\t\t\t\t<div class=\"dokuman-meta\">\r\n\t\t\t\t\t\t<p class=\"dokuman-card-title\">Helios 200S Series Pressure Packaged System<\/p>\r\n\t\t\t\t\t\t\t\t\t\t\t\t\t\t\t<\/div>\r\n\t\t\t\t\t\t<\/article>\r\n\t\t\t\t\t\t\t\t\t\t\t\t\t\t\t\t\t<article class=\"dokuman-card \"\r\n\t\t\t\t\t\t\tdata-pdf=\"https:\/\/lipus.tr\/wp-content\/uploads\/2026\/01\/katalog-helios-200l-serisi-basincli-paket-sistem.pdf\"\r\n\t\t\t\t\t\t\tdata-cover=\"https:\/\/lipus.tr\/wp-content\/uploads\/2026\/01\/dokuman-kapak-9569-1769285732-1024x512.jpg\"\r\n\t\t\t\t\t\t\tdata-title=\"Helios 200L Series Pressure Packaged System\">\r\n\t\t\t\t\t\t\t<div class=\"dokuman-cover has-image\"\r\n\t\t\t\t\t\t\t\t\t\t\t\t\t\t\t\t\tstyle=\"--dokuman-cover-url: url('https:\/\/lipus.tr\/wp-content\/uploads\/2026\/01\/dokuman-kapak-9569-1769285732-1024x512.jpg')\"\r\n\t\t\t\t\t\t\t\t>\r\n\t\t\t\t\t\t\t\t<span class=\"dokuman-open\">Open Document<\/span>\r\n\t\t\t\t\t\t\t<\/div>\r\n\t\t\t\t\t\t\t<div class=\"dokuman-meta\">\r\n\t\t\t\t\t\t<p class=\"dokuman-card-title\">Helios 200L Series Pressure Packaged System<\/p>\r\n\t\t\t\t\t\t\t\t\t\t\t\t\t\t\t<\/div>\r\n\t\t\t\t\t\t<\/article>\r\n\t\t\t\t\t\t\t\t\t\t\t\t\t\t\t\t\t<article class=\"dokuman-card \"\r\n\t\t\t\t\t\t\tdata-pdf=\"https:\/\/lipus.tr\/wp-content\/uploads\/2026\/01\/katalog-helios-300s-serisi-basincli-paket-sistem.pdf\"\r\n\t\t\t\t\t\t\tdata-cover=\"https:\/\/lipus.tr\/wp-content\/uploads\/2026\/01\/dokuman-kapak-9567-1769285719-1024x512.jpg\"\r\n\t\t\t\t\t\t\tdata-title=\"Helios 300S Series Pressure Packaged System\">\r\n\t\t\t\t\t\t\t<div class=\"dokuman-cover has-image\"\r\n\t\t\t\t\t\t\t\t\t\t\t\t\t\t\t\t\tstyle=\"--dokuman-cover-url: url('https:\/\/lipus.tr\/wp-content\/uploads\/2026\/01\/dokuman-kapak-9567-1769285719-1024x512.jpg')\"\r\n\t\t\t\t\t\t\t\t>\r\n\t\t\t\t\t\t\t\t<span class=\"dokuman-open\">Open Document<\/span>\r\n\t\t\t\t\t\t\t<\/div>\r\n\t\t\t\t\t\t\t<div class=\"dokuman-meta\">\r\n\t\t\t\t\t\t<p class=\"dokuman-card-title\">Helios 300S Series Pressure Packaged System<\/p>\r\n\t\t\t\t\t\t\t\t\t\t\t\t\t\t\t<\/div>\r\n\t\t\t\t\t\t<\/article>\r\n\t\t\t\t\t\t\t\t\t\t\t\t\t\t\t\t\t<article class=\"dokuman-card \"\r\n\t\t\t\t\t\t\tdata-pdf=\"https:\/\/lipus.tr\/wp-content\/uploads\/2026\/01\/katalog-helios-300l-serisi-basincli-paket-sistem.pdf\"\r\n\t\t\t\t\t\t\tdata-cover=\"https:\/\/lipus.tr\/wp-content\/uploads\/2026\/01\/dokuman-kapak-9565-1769285710-1024x512.jpg\"\r\n\t\t\t\t\t\t\tdata-title=\"Helios 300L Series Pressure Packaged System\">\r\n\t\t\t\t\t\t\t<div class=\"dokuman-cover has-image\"\r\n\t\t\t\t\t\t\t\t\t\t\t\t\t\t\t\t\tstyle=\"--dokuman-cover-url: url('https:\/\/lipus.tr\/wp-content\/uploads\/2026\/01\/dokuman-kapak-9565-1769285710-1024x512.jpg')\"\r\n\t\t\t\t\t\t\t\t>\r\n\t\t\t\t\t\t\t\t<span class=\"dokuman-open\">Open Document<\/span>\r\n\t\t\t\t\t\t\t<\/div>\r\n\t\t\t\t\t\t\t<div class=\"dokuman-meta\">\r\n\t\t\t\t\t\t<p class=\"dokuman-card-title\">Helios 300L Series Pressure Packaged System<\/p>\r\n\t\t\t\t\t\t\t\t\t\t\t\t\t\t\t<\/div>\r\n\t\t\t\t\t\t<\/article>\r\n\t\t\t\t\t\t\t\t\t\t\t\t\t\t\t\t\t<article class=\"dokuman-card \"\r\n\t\t\t\t\t\t\tdata-pdf=\"https:\/\/lipus.tr\/wp-content\/uploads\/2026\/01\/katalog-helios-500s-serisi-basincli-paket-sistem.pdf\"\r\n\t\t\t\t\t\t\tdata-cover=\"https:\/\/lipus.tr\/wp-content\/uploads\/2026\/01\/dokuman-kapak-9563-1769285698-1024x512.jpg\"\r\n\t\t\t\t\t\t\tdata-title=\"Helios 500S Series Pressure Packaged System\">\r\n\t\t\t\t\t\t\t<div class=\"dokuman-cover has-image\"\r\n\t\t\t\t\t\t\t\t\t\t\t\t\t\t\t\t\tstyle=\"--dokuman-cover-url: url('https:\/\/lipus.tr\/wp-content\/uploads\/2026\/01\/dokuman-kapak-9563-1769285698-1024x512.jpg')\"\r\n\t\t\t\t\t\t\t\t>\r\n\t\t\t\t\t\t\t\t<span class=\"dokuman-open\">Open Document<\/span>\r\n\t\t\t\t\t\t\t<\/div>\r\n\t\t\t\t\t\t\t<div class=\"dokuman-meta\">\r\n\t\t\t\t\t\t<p class=\"dokuman-card-title\">Helios 500S Series Pressure Packaged System<\/p>\r\n\t\t\t\t\t\t\t\t\t\t\t\t\t\t\t<\/div>\r\n\t\t\t\t\t\t<\/article>\r\n\t\t\t\t\t\t\t\t\t<\/div>\r\n\t\t\t<\/section>\r\n\t\t\t\t\t\t\t\t<section class=\"dokuman-year\">\r\n\t\t\t\t<div class=\"dokuman-year-head\">\r\n\t\t\t\t\t<div class=\"dokuman-year-bar\"><\/div>\r\n\t\t\t\t\t<div class=\"dokuman-year-texts\">\r\n\t\t\t\t\t\t<h3 class=\"dokuman-year-title\">Solar Thermal Collector<\/h3>\r\n\t\t\t\t\t<\/div>\r\n\t\t\t\t<\/div>\r\n\r\n\t\t\t\t<div class=\"dokuman-grid\">\r\n\t\t\t\t\t\t\t\t\t\t\t\t\t\t\t\t\t<article class=\"dokuman-card \"\r\n\t\t\t\t\t\t\tdata-pdf=\"https:\/\/lipus.tr\/wp-content\/uploads\/2026\/01\/katalog-orion-100-serisi-gunes-kollektoru-1.pdf\"\r\n\t\t\t\t\t\t\tdata-cover=\"https:\/\/lipus.tr\/wp-content\/uploads\/2026\/01\/dokuman-kapak-9555-1769285586-1024x512.jpg\"\r\n\t\t\t\t\t\t\tdata-title=\"Orion Series Solar Collectors\">\r\n\t\t\t\t\t\t\t<div class=\"dokuman-cover has-image\"\r\n\t\t\t\t\t\t\t\t\t\t\t\t\t\t\t\t\tstyle=\"--dokuman-cover-url: url('https:\/\/lipus.tr\/wp-content\/uploads\/2026\/01\/dokuman-kapak-9555-1769285586-1024x512.jpg')\"\r\n\t\t\t\t\t\t\t\t>\r\n\t\t\t\t\t\t\t\t<span class=\"dokuman-open\">Open Document<\/span>\r\n\t\t\t\t\t\t\t<\/div>\r\n\t\t\t\t\t\t\t<div class=\"dokuman-meta\">\r\n\t\t\t\t\t\t<p class=\"dokuman-card-title\">Orion Series Solar Collectors<\/p>\r\n\t\t\t\t\t\t\t\t\t\t\t\t\t\t\t<\/div>\r\n\t\t\t\t\t\t<\/article>\r\n\t\t\t\t\t\t\t\t\t\t\t\t\t\t\t\t\t<article class=\"dokuman-card \"\r\n\t\t\t\t\t\t\tdata-pdf=\"https:\/\/lipus.tr\/wp-content\/uploads\/2026\/01\/katalog-orion-100-serisi-gunes-kollektoru.pdf\"\r\n\t\t\t\t\t\t\tdata-cover=\"https:\/\/lipus.tr\/wp-content\/uploads\/2026\/01\/dokuman-kapak-9553-1769285532-1024x512.jpg\"\r\n\t\t\t\t\t\t\tdata-title=\"Orion 100 Series Solar Collector\">\r\n\t\t\t\t\t\t\t<div class=\"dokuman-cover has-image\"\r\n\t\t\t\t\t\t\t\t\t\t\t\t\t\t\t\t\tstyle=\"--dokuman-cover-url: url('https:\/\/lipus.tr\/wp-content\/uploads\/2026\/01\/dokuman-kapak-9553-1769285532-1024x512.jpg')\"\r\n\t\t\t\t\t\t\t\t>\r\n\t\t\t\t\t\t\t\t<span class=\"dokuman-open\">Open Document<\/span>\r\n\t\t\t\t\t\t\t<\/div>\r\n\t\t\t\t\t\t\t<div class=\"dokuman-meta\">\r\n\t\t\t\t\t\t<p class=\"dokuman-card-title\">Orion 100 Series Solar Collector<\/p>\r\n\t\t\t\t\t\t\t\t\t\t\t\t\t\t\t<\/div>\r\n\t\t\t\t\t\t<\/article>\r\n\t\t\t\t\t\t\t\t\t\t\t\t\t\t\t\t\t<article class=\"dokuman-card \"\r\n\t\t\t\t\t\t\tdata-pdf=\"https:\/\/lipus.tr\/wp-content\/uploads\/2026\/01\/katalog-orion-200-serisi-gunes-kollektoru.pdf\"\r\n\t\t\t\t\t\t\tdata-cover=\"https:\/\/lipus.tr\/wp-content\/uploads\/2026\/01\/dokuman-kapak-9551-1769285497-1024x512.jpg\"\r\n\t\t\t\t\t\t\tdata-title=\"Orion 200 Series Solar Collector\">\r\n\t\t\t\t\t\t\t<div class=\"dokuman-cover has-image\"\r\n\t\t\t\t\t\t\t\t\t\t\t\t\t\t\t\t\tstyle=\"--dokuman-cover-url: url('https:\/\/lipus.tr\/wp-content\/uploads\/2026\/01\/dokuman-kapak-9551-1769285497-1024x512.jpg')\"\r\n\t\t\t\t\t\t\t\t>\r\n\t\t\t\t\t\t\t\t<span class=\"dokuman-open\">Open Document<\/span>\r\n\t\t\t\t\t\t\t<\/div>\r\n\t\t\t\t\t\t\t<div class=\"dokuman-meta\">\r\n\t\t\t\t\t\t<p class=\"dokuman-card-title\">Orion 200 Series Solar Collector<\/p>\r\n\t\t\t\t\t\t\t\t\t\t\t\t\t\t\t<\/div>\r\n\t\t\t\t\t\t<\/article>\r\n\t\t\t\t\t\t\t\t\t\t\t\t\t\t\t\t\t<article class=\"dokuman-card \"\r\n\t\t\t\t\t\t\tdata-pdf=\"https:\/\/lipus.tr\/wp-content\/uploads\/2026\/01\/katalog-orion-300-serisi-gunes-kollektoru.pdf\"\r\n\t\t\t\t\t\t\tdata-cover=\"https:\/\/lipus.tr\/wp-content\/uploads\/2026\/01\/dokuman-kapak-9549-1769285454-1024x512.jpg\"\r\n\t\t\t\t\t\t\tdata-title=\"Orion 300 Series Solar Collector\">\r\n\t\t\t\t\t\t\t<div class=\"dokuman-cover has-image\"\r\n\t\t\t\t\t\t\t\t\t\t\t\t\t\t\t\t\tstyle=\"--dokuman-cover-url: url('https:\/\/lipus.tr\/wp-content\/uploads\/2026\/01\/dokuman-kapak-9549-1769285454-1024x512.jpg')\"\r\n\t\t\t\t\t\t\t\t>\r\n\t\t\t\t\t\t\t\t<span class=\"dokuman-open\">Open Document<\/span>\r\n\t\t\t\t\t\t\t<\/div>\r\n\t\t\t\t\t\t\t<div class=\"dokuman-meta\">\r\n\t\t\t\t\t\t<p class=\"dokuman-card-title\">Orion 300 Series Solar Collector<\/p>\r\n\t\t\t\t\t\t\t\t\t\t\t\t\t\t\t<\/div>\r\n\t\t\t\t\t\t<\/article>\r\n\t\t\t\t\t\t\t\t\t\t\t\t\t\t\t\t\t<article class=\"dokuman-card \"\r\n\t\t\t\t\t\t\tdata-pdf=\"https:\/\/lipus.tr\/wp-content\/uploads\/2026\/01\/katalog-orion-400-serisi-gunes-kollektoru.pdf\"\r\n\t\t\t\t\t\t\tdata-cover=\"https:\/\/lipus.tr\/wp-content\/uploads\/2026\/01\/dokuman-kapak-9547-1769285377-1024x512.jpg\"\r\n\t\t\t\t\t\t\tdata-title=\"Orion 400 Series Solar Collector\">\r\n\t\t\t\t\t\t\t<div class=\"dokuman-cover has-image\"\r\n\t\t\t\t\t\t\t\t\t\t\t\t\t\t\t\t\tstyle=\"--dokuman-cover-url: url('https:\/\/lipus.tr\/wp-content\/uploads\/2026\/01\/dokuman-kapak-9547-1769285377-1024x512.jpg')\"\r\n\t\t\t\t\t\t\t\t>\r\n\t\t\t\t\t\t\t\t<span class=\"dokuman-open\">Open Document<\/span>\r\n\t\t\t\t\t\t\t<\/div>\r\n\t\t\t\t\t\t\t<div class=\"dokuman-meta\">\r\n\t\t\t\t\t\t<p class=\"dokuman-card-title\">Orion 400 Series Solar Collector<\/p>\r\n\t\t\t\t\t\t\t\t\t\t\t\t\t\t\t<\/div>\r\n\t\t\t\t\t\t<\/article>\r\n\t\t\t\t\t\t\t\t\t\t\t\t\t\t\t\t\t<article class=\"dokuman-card \"\r\n\t\t\t\t\t\t\tdata-pdf=\"https:\/\/lipus.tr\/wp-content\/uploads\/2026\/01\/katalog-orion-500-serisi-gunes-kollektoru.pdf\"\r\n\t\t\t\t\t\t\tdata-cover=\"https:\/\/lipus.tr\/wp-content\/uploads\/2026\/01\/dokuman-kapak-9545-1769285314-1024x512.jpg\"\r\n\t\t\t\t\t\t\tdata-title=\"Orion 500 Series Solar Collector\">\r\n\t\t\t\t\t\t\t<div class=\"dokuman-cover has-image\"\r\n\t\t\t\t\t\t\t\t\t\t\t\t\t\t\t\t\tstyle=\"--dokuman-cover-url: url('https:\/\/lipus.tr\/wp-content\/uploads\/2026\/01\/dokuman-kapak-9545-1769285314-1024x512.jpg')\"\r\n\t\t\t\t\t\t\t\t>\r\n\t\t\t\t\t\t\t\t<span class=\"dokuman-open\">Open Document<\/span>\r\n\t\t\t\t\t\t\t<\/div>\r\n\t\t\t\t\t\t\t<div class=\"dokuman-meta\">\r\n\t\t\t\t\t\t<p class=\"dokuman-card-title\">Orion 500 Series Solar Collector<\/p>\r\n\t\t\t\t\t\t\t\t\t\t\t\t\t\t\t<\/div>\r\n\t\t\t\t\t\t<\/article>\r\n\t\t\t\t\t\t\t\t\t\t\t\t\t\t\t\t\t<article class=\"dokuman-card \"\r\n\t\t\t\t\t\t\tdata-pdf=\"https:\/\/lipus.tr\/wp-content\/uploads\/2026\/01\/katalog-orion-600-serisi-gunes-kollektoru.pdf\"\r\n\t\t\t\t\t\t\tdata-cover=\"https:\/\/lipus.tr\/wp-content\/uploads\/2026\/01\/dokuman-kapak-9543-1769285313-1024x512.jpg\"\r\n\t\t\t\t\t\t\tdata-title=\"Orion 600 Serisi G\u00fcne\u015f Kollekt\u00f6r\u00fc\">\r\n\t\t\t\t\t\t\t<div class=\"dokuman-cover has-image\"\r\n\t\t\t\t\t\t\t\t\t\t\t\t\t\t\t\t\tstyle=\"--dokuman-cover-url: url('https:\/\/lipus.tr\/wp-content\/uploads\/2026\/01\/dokuman-kapak-9543-1769285313-1024x512.jpg')\"\r\n\t\t\t\t\t\t\t\t>\r\n\t\t\t\t\t\t\t\t<span class=\"dokuman-open\">Open Document<\/span>\r\n\t\t\t\t\t\t\t<\/div>\r\n\t\t\t\t\t\t\t<div class=\"dokuman-meta\">\r\n\t\t\t\t\t\t<p class=\"dokuman-card-title\">Orion 600 Serisi G\u00fcne\u015f Kollekt\u00f6r\u00fc<\/p>\r\n\t\t\t\t\t\t\t\t\t\t\t\t\t\t\t<\/div>\r\n\t\t\t\t\t\t<\/article>\r\n\t\t\t\t\t\t\t\t\t<\/div>\r\n\t\t\t<\/section>\r\n\t\t\t<\/div>\r\n\r\n<div class=\"dokuman-modal\" aria-hidden=\"true\">\r\n\t<div class=\"dokuman-modal-inner\">\r\n\t\t<button type=\"button\" class=\"dokuman-close\" aria-label=\"Kapat\">\u2715<\/button>\r\n\t\t<div class=\"dokuman-viewer\"><\/div>\r\n\t\t<div class=\"dokuman-fallback\"><\/div>\r\n\t<\/div>\r\n<\/div>\r\n\r\n\t\t\t\t<\/div>\n\t\t\t\t\t<\/div>\n\t\t\t\t<\/div>\n\t\t\t\t<\/div>\n\t\t","protected":false},"excerpt":{"rendered":"<p>Catalog Archive You can access, review, and download all documents under the Catalogs category to your computer if you wish.<\/p>\n","protected":false},"author":1,"featured_media":0,"parent":0,"menu_order":0,"comment_status":"closed","ping_status":"closed","template":"","meta":{"_acf_changed":false,"footnotes":""},"class_list":["post-9526","page","type-page","status-publish","hentry"],"acf":[],"_links":{"self":[{"href":"https:\/\/lipus.tr\/en\/wp-json\/wp\/v2\/pages\/9526","targetHints":{"allow":["GET"]}}],"collection":[{"href":"https:\/\/lipus.tr\/en\/wp-json\/wp\/v2\/pages"}],"about":[{"href":"https:\/\/lipus.tr\/en\/wp-json\/wp\/v2\/types\/page"}],"author":[{"embeddable":true,"href":"https:\/\/lipus.tr\/en\/wp-json\/wp\/v2\/users\/1"}],"replies":[{"embeddable":true,"href":"https:\/\/lipus.tr\/en\/wp-json\/wp\/v2\/comments?post=9526"}],"version-history":[{"count":0,"href":"https:\/\/lipus.tr\/en\/wp-json\/wp\/v2\/pages\/9526\/revisions"}],"wp:attachment":[{"href":"https:\/\/lipus.tr\/en\/wp-json\/wp\/v2\/media?parent=9526"}],"curies":[{"name":"wp","href":"https:\/\/api.w.org\/{rel}","templated":true}]}}