{"id":9532,"date":"2026-01-16T23:28:59","date_gmt":"2026-01-16T20:28:59","guid":{"rendered":"https:\/\/lipus.tr\/references\/"},"modified":"2026-01-24T02:28:29","modified_gmt":"2026-01-23T23:28:29","slug":"references","status":"publish","type":"page","link":"https:\/\/lipus.tr\/en\/references\/","title":{"rendered":"References"},"content":{"rendered":"\t\t<div data-elementor-type=\"wp-page\" data-elementor-id=\"9532\" class=\"elementor elementor-9532 elementor-8573\" data-elementor-post-type=\"page\">\n\t\t\t\t<div class=\"elementor-element elementor-element-7b5123f e-flex e-con-boxed e-con e-parent\" data-id=\"7b5123f\" data-element_type=\"container\" data-e-type=\"container\">\n\t\t\t\t\t<div class=\"e-con-inner\">\n\t\t\t\t<div class=\"elementor-element elementor-element-6d72fb2 elementor-project-style-1 overflow-to-none elementor-widget elementor-widget-rebuilto-projects\" data-id=\"6d72fb2\" data-element_type=\"widget\" data-e-type=\"widget\" data-settings=\"{&quot;slides_to_show&quot;:3,&quot;spaceBetween&quot;:{&quot;unit&quot;:&quot;px&quot;,&quot;size&quot;:30,&quot;sizes&quot;:[]},&quot;spaceBetween_tablet&quot;:{&quot;unit&quot;:&quot;px&quot;,&quot;size&quot;:&quot;&quot;,&quot;sizes&quot;:[]},&quot;spaceBetween_mobile&quot;:{&quot;unit&quot;:&quot;px&quot;,&quot;size&quot;:&quot;&quot;,&quot;sizes&quot;:[]},&quot;swiper_overflow&quot;:&quot;none&quot;,&quot;navigation&quot;:&quot;none&quot;,&quot;enable_scrollbar&quot;:&quot;no&quot;,&quot;autoplay&quot;:&quot;yes&quot;,&quot;pause_on_hover&quot;:&quot;yes&quot;,&quot;pause_on_interaction&quot;:&quot;yes&quot;,&quot;autoplay_speed&quot;:5000,&quot;infinite&quot;:&quot;yes&quot;,&quot;speed&quot;:500}\" data-widget_type=\"rebuilto-projects.default\">\n\t\t\t\t<div class=\"elementor-widget-container\">\n\t\t\t\t\t        <div class=\"elementor-project-wrapper\">\n            <div class=\"d-grid\">\n                                    <div class=\"grid-item\">\n                        <div class=\"project-item project-style-1\">\n    <div class=\"project-inner\">\n        <div class=\"project-post-thumbnail\">\n                        <a class=\"overlay-link\" href=\"https:\/\/lipus.tr\/en\/projects\/adana-incirlik-10th-air-refueling-wing-social-life-center\/\"><\/a>\n        <\/div>\n        <div class=\"project-content\">\n            <h4 class=\"project-title omega\"><a href=\"https:\/\/lipus.tr\/en\/projects\/adana-incirlik-10th-air-refueling-wing-social-life-center\/\">Adana Incirlik 10th Air Refueling Wing Social Life Center<\/a><\/h4>\n            <div class=\"project-categories color-white\"><a href=\"https:\/\/lipus.tr\/en\/category-project\/public-areas\/\" rel=\"tag\">Public Areas<\/a><\/div>            <a class=\"project-more-link\" href=\"https:\/\/lipus.tr\/en\/projects\/adana-incirlik-10th-air-refueling-wing-social-life-center\/\"><i class=\"rebuilto-icon-arrow-up-right\"><\/i><\/a>\n        <\/div>\n    <\/div>\n<\/div>\n                    <\/div>\n                                        <div class=\"grid-item\">\n                        <div class=\"project-item project-style-1\">\n    <div class=\"project-inner\">\n        <div class=\"project-post-thumbnail\">\n                        <a class=\"overlay-link\" href=\"https:\/\/lipus.tr\/en\/projects\/aydin-sweet-maril-resort-hotel\/\"><\/a>\n        <\/div>\n        <div class=\"project-content\">\n            <h4 class=\"project-title omega\"><a href=\"https:\/\/lipus.tr\/en\/projects\/aydin-sweet-maril-resort-hotel\/\">Ayd\u0131n Sweet Maril Resort Hotel<\/a><\/h4>\n            <div class=\"project-categories color-white\"><a href=\"https:\/\/lipus.tr\/en\/category-project\/other-applications\/\" rel=\"tag\">Other Applications<\/a><\/div>            <a class=\"project-more-link\" href=\"https:\/\/lipus.tr\/en\/projects\/aydin-sweet-maril-resort-hotel\/\"><i class=\"rebuilto-icon-arrow-up-right\"><\/i><\/a>\n        <\/div>\n    <\/div>\n<\/div>\n                    <\/div>\n                                        <div class=\"grid-item\">\n                        <div class=\"project-item project-style-1\">\n    <div class=\"project-inner\">\n        <div class=\"project-post-thumbnail\">\n                        <a class=\"overlay-link\" href=\"https:\/\/lipus.tr\/en\/projects\/manisa-alasehir-1-ulastirma-egitim-tabur-komutanligi\/\"><\/a>\n        <\/div>\n        <div class=\"project-content\">\n            <h4 class=\"project-title omega\"><a href=\"https:\/\/lipus.tr\/en\/projects\/manisa-alasehir-1-ulastirma-egitim-tabur-komutanligi\/\">Manisa Ala\u015fehir 1. Ula\u015ft\u0131rma E\u011fitim Tabur Komutanl\u0131\u011f\u0131<\/a><\/h4>\n            <div class=\"project-categories color-white\"><a href=\"https:\/\/lipus.tr\/en\/category-project\/public-areas\/\" rel=\"tag\">Public Areas<\/a><\/div>            <a class=\"project-more-link\" href=\"https:\/\/lipus.tr\/en\/projects\/manisa-alasehir-1-ulastirma-egitim-tabur-komutanligi\/\"><i class=\"rebuilto-icon-arrow-up-right\"><\/i><\/a>\n        <\/div>\n    <\/div>\n<\/div>\n                    <\/div>\n                                        <div class=\"grid-item\">\n                        <div class=\"project-item project-style-1\">\n    <div class=\"project-inner\">\n        <div class=\"project-post-thumbnail\">\n                        <a class=\"overlay-link\" href=\"https:\/\/lipus.tr\/en\/projects\/ankara-kara-harp-okulu\/\"><\/a>\n        <\/div>\n        <div class=\"project-content\">\n            <h4 class=\"project-title omega\"><a href=\"https:\/\/lipus.tr\/en\/projects\/ankara-kara-harp-okulu\/\">Ankara Kara Harp Okulu<\/a><\/h4>\n            <div class=\"project-categories color-white\"><a href=\"https:\/\/lipus.tr\/en\/category-project\/public-areas\/\" rel=\"tag\">Public Areas<\/a><\/div>            <a class=\"project-more-link\" href=\"https:\/\/lipus.tr\/en\/projects\/ankara-kara-harp-okulu\/\"><i class=\"rebuilto-icon-arrow-up-right\"><\/i><\/a>\n        <\/div>\n    <\/div>\n<\/div>\n                    <\/div>\n                                        <div class=\"grid-item\">\n                        <div class=\"project-item project-style-1\">\n    <div class=\"project-inner\">\n        <div class=\"project-post-thumbnail\">\n                            <img fetchpriority=\"high\" decoding=\"async\" width=\"768\" height=\"575\" src=\"https:\/\/lipus.tr\/wp-content\/uploads\/2026\/01\/referans-somali-decale-hotel-01-768x575.jpg\" class=\"attachment-medium_large size-medium_large wp-post-image\" alt=\"\" srcset=\"https:\/\/lipus.tr\/wp-content\/uploads\/2026\/01\/referans-somali-decale-hotel-01-768x575.jpg 768w, https:\/\/lipus.tr\/wp-content\/uploads\/2026\/01\/referans-somali-decale-hotel-01-300x225.jpg 300w, https:\/\/lipus.tr\/wp-content\/uploads\/2026\/01\/referans-somali-decale-hotel-01-1024x767.jpg 1024w, https:\/\/lipus.tr\/wp-content\/uploads\/2026\/01\/referans-somali-decale-hotel-01.jpg 1280w\" sizes=\"(max-width: 768px) 100vw, 768px\" \/>                        <a class=\"overlay-link\" href=\"https:\/\/lipus.tr\/en\/projects\/somali-decale-hotel\/\"><\/a>\n        <\/div>\n        <div class=\"project-content\">\n            <h4 class=\"project-title omega\"><a href=\"https:\/\/lipus.tr\/en\/projects\/somali-decale-hotel\/\">Somali Decale Hotel<\/a><\/h4>\n            <div class=\"project-categories color-white\"><a href=\"https:\/\/lipus.tr\/en\/category-project\/other-applications\/\" rel=\"tag\">Other Applications<\/a><\/div>            <a class=\"project-more-link\" href=\"https:\/\/lipus.tr\/en\/projects\/somali-decale-hotel\/\"><i class=\"rebuilto-icon-arrow-up-right\"><\/i><\/a>\n        <\/div>\n    <\/div>\n<\/div>\n                    <\/div>\n                                        <div class=\"grid-item\">\n                        <div class=\"project-item project-style-1\">\n    <div class=\"project-inner\">\n        <div class=\"project-post-thumbnail\">\n                            <img decoding=\"async\" width=\"768\" height=\"576\" src=\"https:\/\/lipus.tr\/wp-content\/uploads\/2026\/01\/referans-kocaeli-karamursel-yuzme-havuzu-01-768x576.jpg\" class=\"attachment-medium_large size-medium_large wp-post-image\" alt=\"\" srcset=\"https:\/\/lipus.tr\/wp-content\/uploads\/2026\/01\/referans-kocaeli-karamursel-yuzme-havuzu-01-768x576.jpg 768w, https:\/\/lipus.tr\/wp-content\/uploads\/2026\/01\/referans-kocaeli-karamursel-yuzme-havuzu-01-300x225.jpg 300w, https:\/\/lipus.tr\/wp-content\/uploads\/2026\/01\/referans-kocaeli-karamursel-yuzme-havuzu-01-1024x768.jpg 1024w, https:\/\/lipus.tr\/wp-content\/uploads\/2026\/01\/referans-kocaeli-karamursel-yuzme-havuzu-01-1536x1152.jpg 1536w, https:\/\/lipus.tr\/wp-content\/uploads\/2026\/01\/referans-kocaeli-karamursel-yuzme-havuzu-01.jpg 1600w\" sizes=\"(max-width: 768px) 100vw, 768px\" \/>                        <a class=\"overlay-link\" href=\"https:\/\/lipus.tr\/en\/projects\/kocaeli-karamursel-yuzme-havuzu\/\"><\/a>\n        <\/div>\n        <div class=\"project-content\">\n            <h4 class=\"project-title omega\"><a href=\"https:\/\/lipus.tr\/en\/projects\/kocaeli-karamursel-yuzme-havuzu\/\">Kocaeli Karam\u00fcrsel Y\u00fczme Havuzu<\/a><\/h4>\n            <div class=\"project-categories color-white\"><a href=\"https:\/\/lipus.tr\/en\/category-project\/public-areas\/\" rel=\"tag\">Public Areas<\/a><\/div>            <a class=\"project-more-link\" href=\"https:\/\/lipus.tr\/en\/projects\/kocaeli-karamursel-yuzme-havuzu\/\"><i class=\"rebuilto-icon-arrow-up-right\"><\/i><\/a>\n        <\/div>\n    <\/div>\n<\/div>\n                    <\/div>\n                                        <div class=\"grid-item\">\n                        <div class=\"project-item project-style-1\">\n    <div class=\"project-inner\">\n        <div class=\"project-post-thumbnail\">\n                            <img decoding=\"async\" width=\"768\" height=\"576\" src=\"https:\/\/lipus.tr\/wp-content\/uploads\/2026\/01\/referans-aydin-didim-adrina-beach-resort-hotel-01-768x576.jpg\" class=\"attachment-medium_large size-medium_large wp-post-image\" alt=\"\" srcset=\"https:\/\/lipus.tr\/wp-content\/uploads\/2026\/01\/referans-aydin-didim-adrina-beach-resort-hotel-01-768x576.jpg 768w, https:\/\/lipus.tr\/wp-content\/uploads\/2026\/01\/referans-aydin-didim-adrina-beach-resort-hotel-01-300x225.jpg 300w, https:\/\/lipus.tr\/wp-content\/uploads\/2026\/01\/referans-aydin-didim-adrina-beach-resort-hotel-01-1024x768.jpg 1024w, https:\/\/lipus.tr\/wp-content\/uploads\/2026\/01\/referans-aydin-didim-adrina-beach-resort-hotel-01.jpg 1478w\" sizes=\"(max-width: 768px) 100vw, 768px\" \/>                        <a class=\"overlay-link\" href=\"https:\/\/lipus.tr\/en\/projects\/aydin-didim-adrina-beach-resort-hotel\/\"><\/a>\n        <\/div>\n        <div class=\"project-content\">\n            <h4 class=\"project-title omega\"><a href=\"https:\/\/lipus.tr\/en\/projects\/aydin-didim-adrina-beach-resort-hotel\/\">Ayd\u0131n Didim Adrina Beach Resort Hotel<\/a><\/h4>\n            <div class=\"project-categories color-white\"><a href=\"https:\/\/lipus.tr\/en\/category-project\/other-applications\/\" rel=\"tag\">Other Applications<\/a><\/div>            <a class=\"project-more-link\" href=\"https:\/\/lipus.tr\/en\/projects\/aydin-didim-adrina-beach-resort-hotel\/\"><i class=\"rebuilto-icon-arrow-up-right\"><\/i><\/a>\n        <\/div>\n    <\/div>\n<\/div>\n                    <\/div>\n                                        <div class=\"grid-item\">\n                        <div class=\"project-item project-style-1\">\n    <div class=\"project-inner\">\n        <div class=\"project-post-thumbnail\">\n                            <img loading=\"lazy\" decoding=\"async\" width=\"581\" height=\"1032\" src=\"https:\/\/lipus.tr\/wp-content\/uploads\/2026\/01\/referans-kahramanmaras-multeci-kampi-01.jpg\" class=\"attachment-medium_large size-medium_large wp-post-image\" alt=\"\" srcset=\"https:\/\/lipus.tr\/wp-content\/uploads\/2026\/01\/referans-kahramanmaras-multeci-kampi-01.jpg 581w, https:\/\/lipus.tr\/wp-content\/uploads\/2026\/01\/referans-kahramanmaras-multeci-kampi-01-169x300.jpg 169w, https:\/\/lipus.tr\/wp-content\/uploads\/2026\/01\/referans-kahramanmaras-multeci-kampi-01-576x1024.jpg 576w\" sizes=\"(max-width: 581px) 100vw, 581px\" \/>                        <a class=\"overlay-link\" href=\"https:\/\/lipus.tr\/en\/projects\/kahramanmaras-refugee-camp\/\"><\/a>\n        <\/div>\n        <div class=\"project-content\">\n            <h4 class=\"project-title omega\"><a href=\"https:\/\/lipus.tr\/en\/projects\/kahramanmaras-refugee-camp\/\">Kahramanmara\u015f Refugee Camp<\/a><\/h4>\n            <div class=\"project-categories color-white\"><a href=\"https:\/\/lipus.tr\/en\/category-project\/public-areas\/\" rel=\"tag\">Public Areas<\/a><\/div>            <a class=\"project-more-link\" href=\"https:\/\/lipus.tr\/en\/projects\/kahramanmaras-refugee-camp\/\"><i class=\"rebuilto-icon-arrow-up-right\"><\/i><\/a>\n        <\/div>\n    <\/div>\n<\/div>\n                    <\/div>\n                                        <div class=\"grid-item\">\n                        <div class=\"project-item project-style-1\">\n    <div class=\"project-inner\">\n        <div class=\"project-post-thumbnail\">\n                            <img loading=\"lazy\" decoding=\"async\" width=\"768\" height=\"432\" src=\"https:\/\/lipus.tr\/wp-content\/uploads\/2026\/01\/referans-kastamonu-afad-hizmet-binasi-01-768x432.jpg\" class=\"attachment-medium_large size-medium_large wp-post-image\" alt=\"\" srcset=\"https:\/\/lipus.tr\/wp-content\/uploads\/2026\/01\/referans-kastamonu-afad-hizmet-binasi-01-768x432.jpg 768w, https:\/\/lipus.tr\/wp-content\/uploads\/2026\/01\/referans-kastamonu-afad-hizmet-binasi-01-300x169.jpg 300w, https:\/\/lipus.tr\/wp-content\/uploads\/2026\/01\/referans-kastamonu-afad-hizmet-binasi-01-1024x576.jpg 1024w, https:\/\/lipus.tr\/wp-content\/uploads\/2026\/01\/referans-kastamonu-afad-hizmet-binasi-01-1536x864.jpg 1536w, https:\/\/lipus.tr\/wp-content\/uploads\/2026\/01\/referans-kastamonu-afad-hizmet-binasi-01.jpg 1600w\" sizes=\"(max-width: 768px) 100vw, 768px\" \/>                        <a class=\"overlay-link\" href=\"https:\/\/lipus.tr\/en\/projects\/kastamonu-afad-service-building\/\"><\/a>\n        <\/div>\n        <div class=\"project-content\">\n            <h4 class=\"project-title omega\"><a href=\"https:\/\/lipus.tr\/en\/projects\/kastamonu-afad-service-building\/\">Kastamonu AFAD Service Building<\/a><\/h4>\n            <div class=\"project-categories color-white\"><a href=\"https:\/\/lipus.tr\/en\/category-project\/public-areas\/\" rel=\"tag\">Public Areas<\/a><\/div>            <a class=\"project-more-link\" href=\"https:\/\/lipus.tr\/en\/projects\/kastamonu-afad-service-building\/\"><i class=\"rebuilto-icon-arrow-up-right\"><\/i><\/a>\n        <\/div>\n    <\/div>\n<\/div>\n                    <\/div>\n                                        <div class=\"grid-item\">\n                        <div class=\"project-item project-style-1\">\n    <div class=\"project-inner\">\n        <div class=\"project-post-thumbnail\">\n                            <img loading=\"lazy\" decoding=\"async\" width=\"768\" height=\"432\" src=\"https:\/\/lipus.tr\/wp-content\/uploads\/2026\/01\/referans-izmir-afad-deprem-konteynerleri-01-768x432.jpg\" class=\"attachment-medium_large size-medium_large wp-post-image\" alt=\"\" srcset=\"https:\/\/lipus.tr\/wp-content\/uploads\/2026\/01\/referans-izmir-afad-deprem-konteynerleri-01-768x432.jpg 768w, https:\/\/lipus.tr\/wp-content\/uploads\/2026\/01\/referans-izmir-afad-deprem-konteynerleri-01-300x169.jpg 300w, https:\/\/lipus.tr\/wp-content\/uploads\/2026\/01\/referans-izmir-afad-deprem-konteynerleri-01-1024x576.jpg 1024w, https:\/\/lipus.tr\/wp-content\/uploads\/2026\/01\/referans-izmir-afad-deprem-konteynerleri-01-1536x864.jpg 1536w, https:\/\/lipus.tr\/wp-content\/uploads\/2026\/01\/referans-izmir-afad-deprem-konteynerleri-01.jpg 1599w\" sizes=\"(max-width: 768px) 100vw, 768px\" \/>                        <a class=\"overlay-link\" href=\"https:\/\/lipus.tr\/en\/projects\/izmir-afad-earthquake-containers\/\"><\/a>\n        <\/div>\n        <div class=\"project-content\">\n            <h4 class=\"project-title omega\"><a href=\"https:\/\/lipus.tr\/en\/projects\/izmir-afad-earthquake-containers\/\">Izmir AFAD Earthquake Containers<\/a><\/h4>\n            <div class=\"project-categories color-white\"><a href=\"https:\/\/lipus.tr\/en\/category-project\/public-areas\/\" rel=\"tag\">Public Areas<\/a><\/div>            <a class=\"project-more-link\" href=\"https:\/\/lipus.tr\/en\/projects\/izmir-afad-earthquake-containers\/\"><i class=\"rebuilto-icon-arrow-up-right\"><\/i><\/a>\n        <\/div>\n    <\/div>\n<\/div>\n                    <\/div>\n                                        <div class=\"grid-item\">\n                        <div class=\"project-item project-style-1\">\n    <div class=\"project-inner\">\n        <div class=\"project-post-thumbnail\">\n                            <img loading=\"lazy\" decoding=\"async\" width=\"768\" height=\"1365\" src=\"https:\/\/lipus.tr\/wp-content\/uploads\/2026\/01\/referans-denizli-afad-hizmet-binasi-01-768x1365.jpg\" class=\"attachment-medium_large size-medium_large wp-post-image\" alt=\"\" srcset=\"https:\/\/lipus.tr\/wp-content\/uploads\/2026\/01\/referans-denizli-afad-hizmet-binasi-01-768x1365.jpg 768w, https:\/\/lipus.tr\/wp-content\/uploads\/2026\/01\/referans-denizli-afad-hizmet-binasi-01-169x300.jpg 169w, https:\/\/lipus.tr\/wp-content\/uploads\/2026\/01\/referans-denizli-afad-hizmet-binasi-01-576x1024.jpg 576w, https:\/\/lipus.tr\/wp-content\/uploads\/2026\/01\/referans-denizli-afad-hizmet-binasi-01-864x1536.jpg 864w, https:\/\/lipus.tr\/wp-content\/uploads\/2026\/01\/referans-denizli-afad-hizmet-binasi-01.jpg 900w\" sizes=\"(max-width: 768px) 100vw, 768px\" \/>                        <a class=\"overlay-link\" href=\"https:\/\/lipus.tr\/en\/projects\/denizli-afad-service-building\/\"><\/a>\n        <\/div>\n        <div class=\"project-content\">\n            <h4 class=\"project-title omega\"><a href=\"https:\/\/lipus.tr\/en\/projects\/denizli-afad-service-building\/\">Denizli AFAD Service Building<\/a><\/h4>\n            <div class=\"project-categories color-white\"><a href=\"https:\/\/lipus.tr\/en\/category-project\/public-areas\/\" rel=\"tag\">Public Areas<\/a><\/div>            <a class=\"project-more-link\" href=\"https:\/\/lipus.tr\/en\/projects\/denizli-afad-service-building\/\"><i class=\"rebuilto-icon-arrow-up-right\"><\/i><\/a>\n        <\/div>\n    <\/div>\n<\/div>\n                    <\/div>\n                                        <div class=\"grid-item\">\n                        <div class=\"project-item project-style-1\">\n    <div class=\"project-inner\">\n        <div class=\"project-post-thumbnail\">\n                            <img loading=\"lazy\" decoding=\"async\" width=\"768\" height=\"369\" src=\"https:\/\/lipus.tr\/wp-content\/uploads\/2026\/01\/referans-istanbul-silivri-ceza-infaz-kurumu-01-768x369.jpg\" class=\"attachment-medium_large size-medium_large wp-post-image\" alt=\"\" srcset=\"https:\/\/lipus.tr\/wp-content\/uploads\/2026\/01\/referans-istanbul-silivri-ceza-infaz-kurumu-01-768x369.jpg 768w, https:\/\/lipus.tr\/wp-content\/uploads\/2026\/01\/referans-istanbul-silivri-ceza-infaz-kurumu-01-300x144.jpg 300w, https:\/\/lipus.tr\/wp-content\/uploads\/2026\/01\/referans-istanbul-silivri-ceza-infaz-kurumu-01-1024x492.jpg 1024w, https:\/\/lipus.tr\/wp-content\/uploads\/2026\/01\/referans-istanbul-silivri-ceza-infaz-kurumu-01-1536x738.jpg 1536w, https:\/\/lipus.tr\/wp-content\/uploads\/2026\/01\/referans-istanbul-silivri-ceza-infaz-kurumu-01.jpg 1600w\" sizes=\"(max-width: 768px) 100vw, 768px\" \/>                        <a class=\"overlay-link\" href=\"https:\/\/lipus.tr\/en\/projects\/istanbul-silivri-correctional-institution\/\"><\/a>\n        <\/div>\n        <div class=\"project-content\">\n            <h4 class=\"project-title omega\"><a href=\"https:\/\/lipus.tr\/en\/projects\/istanbul-silivri-correctional-institution\/\">Istanbul Silivri Correctional Institution<\/a><\/h4>\n            <div class=\"project-categories color-white\"><a href=\"https:\/\/lipus.tr\/en\/category-project\/public-areas\/\" rel=\"tag\">Public Areas<\/a><\/div>            <a class=\"project-more-link\" href=\"https:\/\/lipus.tr\/en\/projects\/istanbul-silivri-correctional-institution\/\"><i class=\"rebuilto-icon-arrow-up-right\"><\/i><\/a>\n        <\/div>\n    <\/div>\n<\/div>\n                    <\/div>\n                                <\/div>\n\n        <\/div>\n                        <nav class=\"pagination\">\n            <div class=\"nav-links\">\n                <ul class='page-numbers'>\n\t<li><span aria-current=\"page\" class=\"page-numbers current\"><span class=\"elementor-screen-only\">Page<\/span>1<\/span><\/li>\n\t<li><a class=\"page-numbers\" href=\"https:\/\/lipus.tr\/en\/wp-json\/wp\/v2\/pages\/9532\/page\/2\/\"><span class=\"elementor-screen-only\">Page<\/span>2<\/a><\/li>\n\t<li><a class=\"next page-numbers\" href=\"https:\/\/lipus.tr\/en\/wp-json\/wp\/v2\/pages\/9532\/page\/2\/\"><i class=\"rebuilto-icon-chevron-right\"><\/i><\/a><\/li>\n<\/ul>\n            <\/div>\n        <\/nav>\n        \t\t\t\t<\/div>\n\t\t\t\t<\/div>\n\t\t\t\t\t<\/div>\n\t\t\t\t<\/div>\n\t\t\t\t<\/div>\n\t\t","protected":false},"excerpt":{"rendered":"<p>Adana \u0130ncirlik 10&#8217;uncu Tanker \u00dcs Komutanl\u0131\u011f\u0131 Sosyal Ya\u015fam Merkezi G\u00fcne\u015f Enerjisi Projesi Kamu Alanlar\u0131 Ayd\u0131n Sweet Maril Resort Hotel Merkezi Sistem Uygulamalar\u0131 Kocaeli Karam\u00fcrsel Y\u00fczme Havuzu Kamu Alanlar\u0131 Kastamonu AFAD Hizmet Binas\u0131 Kamu Alanlar\u0131<\/p>\n","protected":false},"author":1,"featured_media":0,"parent":0,"menu_order":0,"comment_status":"closed","ping_status":"closed","template":"","meta":{"_acf_changed":false,"footnotes":""},"class_list":["post-9532","page","type-page","status-publish","hentry"],"acf":[],"_links":{"self":[{"href":"https:\/\/lipus.tr\/en\/wp-json\/wp\/v2\/pages\/9532","targetHints":{"allow":["GET"]}}],"collection":[{"href":"https:\/\/lipus.tr\/en\/wp-json\/wp\/v2\/pages"}],"about":[{"href":"https:\/\/lipus.tr\/en\/wp-json\/wp\/v2\/types\/page"}],"author":[{"embeddable":true,"href":"https:\/\/lipus.tr\/en\/wp-json\/wp\/v2\/users\/1"}],"replies":[{"embeddable":true,"href":"https:\/\/lipus.tr\/en\/wp-json\/wp\/v2\/comments?post=9532"}],"version-history":[{"count":0,"href":"https:\/\/lipus.tr\/en\/wp-json\/wp\/v2\/pages\/9532\/revisions"}],"wp:attachment":[{"href":"https:\/\/lipus.tr\/en\/wp-json\/wp\/v2\/media?parent=9532"}],"curies":[{"name":"wp","href":"https:\/\/api.w.org\/{rel}","templated":true}]}}